{"id":2,"date":"2014-04-09T13:48:38","date_gmt":"2014-04-09T13:48:38","guid":{"rendered":"http:\/\/www.famt-l.eu\/?page_id=2"},"modified":"2017-03-20T09:34:55","modified_gmt":"2017-03-20T09:34:55","slug":"about-project","status":"publish","type":"page","link":"http:\/\/www.famt-l.eu\/fr\/about-project\/","title":{"rendered":"\u00c0 PROPOS DU PROJET"},"content":{"rendered":"<p>Les processus d&rsquo;enseignement et d&rsquo;apprentissage concernant les math\u00e9matiques et les sciences sont un \u00e9l\u00e9ment fondamental de l&rsquo;activit\u00e9 scolaire, pr\u00e9liminaire \u00e0 la plupart des comp\u00e9tences importantes dans la vie et n\u00e9cessaires \u00e0 l&rsquo;\u00e9ducation \u00e0 la citoyennet\u00e9. N\u00e9anmoins, malgr\u00e9 l&rsquo;engagement des chercheurs et des enseignants, la crise de l&rsquo;apprentissage des math\u00e9matiques devient tr\u00e8s diffuse et s\u00e9rieuse. L&rsquo;objectif principal de ce projet est de r\u00e9aliser un mod\u00e8le de formation (en utilisant l&rsquo;apprentissage en ligne) pour les professeurs de math\u00e9matiques de l&rsquo;enseignement secondaire (qui peut \u00eatre appliqu\u00e9 \u00e0 la formation en cours d&#8217;emploi et \u00e0 la formation initiale). Ce mod\u00e8le de formation (ou m\u00e9thodologie) devrait am\u00e9liorer les comp\u00e9tences des enseignants: &#8211; sur la planification et l&rsquo;\u00e9valuation de l&rsquo;\u00e9ducation (\u00e9valuation formative et sommative, \u00e9valuation pour l&rsquo;apprentissage); &#8211; sur la didactique des math\u00e9matiques. Cet ensemble de comp\u00e9tences permettrait aux enseignants d&rsquo;appliquer et de planifier des m\u00e9thodologies et des outils sp\u00e9cifiques pour les processus d&rsquo;apprentissage bas\u00e9s sur la r\u00e9solution de probl\u00e8mes. Le mod\u00e8le de formation vise \u00e9galement \u00e0 faire acqu\u00e9rir aux enseignants une attitude scientifique consistant \u00e0: &#8211; analyser des situations \u00e9ducatives complexes; &#8211; identifier les besoins d&rsquo;apprentissage de l&rsquo;\u00e9l\u00e8ve, en ce qui concerne la discipline math\u00e9matique ainsi que les comp\u00e9tences transversales (m\u00e9ta-comp\u00e9tences, strat\u00e9gies d&rsquo;apprentissage, m\u00e9thodes d&rsquo;\u00e9tude); &#8211; faire des hypoth\u00e8ses et planifier des strat\u00e9gies et des techniques \u00e9ducatives afin de d\u00e9tecter les difficult\u00e9s et offrir des rem\u00e8des pour un apprentissage efficace des math\u00e9matiques; &#8211; utiliser l&rsquo;\u00e9valuation continue avec un objectif formatif afin de donner aux enseignants la possibilit\u00e9 de v\u00e9rifier, de r\u00e9organiser et d&rsquo;am\u00e9liorer leurs m\u00e9thodes et de permettre aux \u00e9l\u00e8ves de s&rsquo;auto-\u00e9valuer et de prendre conscience de leurs propres processus d&rsquo;apprentissage. Ce mod\u00e8le de formation aura tendance \u00e0 faire des enseignants le protagoniste de la planification de l&rsquo;\u00e9ducation et plus conscient des strat\u00e9gies qui semblent \u00eatre plus efficaces pour r\u00e9pondre aux besoins d&rsquo;apprentissage des \u00e9l\u00e8ves. Il favorise \u00e9galement la construction d&rsquo;un professionnalisme r\u00e9flexif o\u00f9 l&rsquo;enseignant devient capable d&rsquo;utiliser la r\u00e9flexion pour faire face \u00e0 des situations \u00e9ducatives complexes et probl\u00e9matiques.<\/p>","protected":false},"excerpt":{"rendered":"<p>Les processus d&rsquo;enseignement et d&rsquo;apprentissage concernant les math\u00e9matiques et les sciences sont un \u00e9l\u00e9ment fondamental de l&rsquo;activit\u00e9 scolaire, pr\u00e9liminaire \u00e0 la plupart des comp\u00e9tences importantes dans la vie et n\u00e9cessaires \u00e0 l&rsquo;\u00e9ducation \u00e0 la citoyennet\u00e9. N\u00e9anmoins, malgr\u00e9 l&rsquo;engagement des chercheurs et des enseignants, la crise de l&rsquo;apprentissage des math\u00e9matiques devient&#8230;<\/p>\n","protected":false},"author":1,"featured_media":0,"parent":0,"menu_order":0,"comment_status":"closed","ping_status":"closed","template":"","meta":{"footnotes":""},"class_list":["post-2","page","type-page","status-publish","hentry"],"_links":{"self":[{"href":"http:\/\/www.famt-l.eu\/fr\/wp-json\/wp\/v2\/pages\/2"}],"collection":[{"href":"http:\/\/www.famt-l.eu\/fr\/wp-json\/wp\/v2\/pages"}],"about":[{"href":"http:\/\/www.famt-l.eu\/fr\/wp-json\/wp\/v2\/types\/page"}],"author":[{"embeddable":true,"href":"http:\/\/www.famt-l.eu\/fr\/wp-json\/wp\/v2\/users\/1"}],"replies":[{"embeddable":true,"href":"http:\/\/www.famt-l.eu\/fr\/wp-json\/wp\/v2\/comments?post=2"}],"version-history":[{"count":12,"href":"http:\/\/www.famt-l.eu\/fr\/wp-json\/wp\/v2\/pages\/2\/revisions"}],"predecessor-version":[{"id":594,"href":"http:\/\/www.famt-l.eu\/fr\/wp-json\/wp\/v2\/pages\/2\/revisions\/594"}],"wp:attachment":[{"href":"http:\/\/www.famt-l.eu\/fr\/wp-json\/wp\/v2\/media?parent=2"}],"curies":[{"name":"wp","href":"https:\/\/api.w.org\/{rel}","templated":true}]}}