{"id":40,"date":"2014-09-05T13:53:09","date_gmt":"2014-09-05T13:53:09","guid":{"rendered":"http:\/\/www.famt-l.eu\/?page_id=40"},"modified":"2017-03-20T09:41:21","modified_gmt":"2017-03-20T09:41:21","slug":"work-package-1-project-management","status":"publish","type":"page","link":"http:\/\/www.famt-l.eu\/fr\/workplan\/work-package-1-project-management\/","title":{"rendered":"WP 1 &#8211; GESTION DE PROJET"},"content":{"rendered":"<p>WP Responsable: <strong>UNIBO<\/strong><br \/>\nInstitutions concern\u00e9es: tous les partenaires<\/p>\n<p>Le programme de travail vise \u00e0: &#8211; veiller \u00e0 ce que les livrables du projet soient livr\u00e9s \u00e0 temps; &#8211; surveiller les risques et analyser les jalons du projet (voir la section D.3 M\u00e9thodologie); &#8211; veiller au bon fonctionnement quotidien du consortium; &#8211; g\u00e9rer la communication au sein du consortium et entre le consortium et la Commission; &#8211; d\u00e9finir un plan de durabilit\u00e9 pour utiliser les r\u00e9sultats du projet et poursuivre la vie du r\u00e9seau au-del\u00e0 de la dur\u00e9e du projet. Pour atteindre ces objectifs, le programme de travail comprendra les t\u00e2ches suivantes: T1.1: R\u00e9unions avec les partenaires Le consortium se r\u00e9unira tous les 4 mois, avec des r\u00e9unions virtuelles. Au moins 6 rencontres en face \u00e0 face sont comptabilis\u00e9es. Ainsi, le calendrier des r\u00e9unions sera comme suit: R\u00e9unions virtuelles: M5, M9, M13, M17, M23, M27, M31, M36 Rencontres face \u00e0 face: M2, M7, M14, M21, M29, M34 Les r\u00e9unions seront utilis\u00e9es pour examiner les t\u00e2ches et les r\u00e9sultats et planifier les activit\u00e9s \u00e0 venir, en fonction de l&rsquo;\u00e9tape du plan de travail auquel le projet sera \u00e0 l&rsquo;\u00e9poque. T1.2: Configuration et maintenance des outils de collaboration Au cours du premier mois, le consortium mettra en place une liste de diffusion et un syst\u00e8me d&rsquo;intranet de gestion de projet (supportant la version des documents, les graphiques GANTT, l&rsquo;affectation des t\u00e2ches, le wiki, etc.) pour appuyer son travail. Ces outils seront maintenus tout au long du projet pour favoriser la transparence et la communication entre les partenaires. T1.3: Signature de l&rsquo;entente de partenariat Le coordinateur (P1) veillera \u00e0 ce qu&rsquo;un accord de partenariat soit sign\u00e9 avec tous les membres du consortium, qui r\u00e9giront tous les aspects juridiques du consortium. T1.4: Rapports de gestion Le coordonnateur (P1), en collaboration avec les partenaires, pr\u00e9parera et pr\u00e9sentera un rapport \u00e0 mi-parcours et un rapport final sur les activit\u00e9s du projet, y compris les informations financi\u00e8res et administratives fournies par chaque partenaire et selon les directives de la Commission. T1.5: Participation aux r\u00e9unions des coordonnateurs de la CE Le coordinateur (P1) participera aux r\u00e9unions \u00e0 Bruxelles pour la coordination des projets, comme l&rsquo;exige la Commission europ\u00e9enne. T1.6: Planification de la durabilit\u00e9 Le coordinateur, avec tous les partenaires, produira un plan de d\u00e9veloppement durable sur la fa\u00e7on d&rsquo;utiliser les r\u00e9sultats du projet et de poursuivre la vie du r\u00e9seau au-del\u00e0 de la dur\u00e9e du projet.<\/p>","protected":false},"excerpt":{"rendered":"<p>WP Responsable: UNIBO Institutions concern\u00e9es: tous les partenaires Le programme de travail vise \u00e0: &#8211; veiller \u00e0 ce que les livrables du projet soient livr\u00e9s \u00e0 temps; &#8211; surveiller les risques et analyser les jalons du projet (voir la section D.3 M\u00e9thodologie); &#8211; veiller au bon fonctionnement quotidien du consortium;&#8230;<\/p>\n","protected":false},"author":1,"featured_media":0,"parent":35,"menu_order":0,"comment_status":"closed","ping_status":"closed","template":"","meta":{"footnotes":""},"class_list":["post-40","page","type-page","status-publish","hentry"],"_links":{"self":[{"href":"http:\/\/www.famt-l.eu\/fr\/wp-json\/wp\/v2\/pages\/40"}],"collection":[{"href":"http:\/\/www.famt-l.eu\/fr\/wp-json\/wp\/v2\/pages"}],"about":[{"href":"http:\/\/www.famt-l.eu\/fr\/wp-json\/wp\/v2\/types\/page"}],"author":[{"embeddable":true,"href":"http:\/\/www.famt-l.eu\/fr\/wp-json\/wp\/v2\/users\/1"}],"replies":[{"embeddable":true,"href":"http:\/\/www.famt-l.eu\/fr\/wp-json\/wp\/v2\/comments?post=40"}],"version-history":[{"count":3,"href":"http:\/\/www.famt-l.eu\/fr\/wp-json\/wp\/v2\/pages\/40\/revisions"}],"predecessor-version":[{"id":595,"href":"http:\/\/www.famt-l.eu\/fr\/wp-json\/wp\/v2\/pages\/40\/revisions\/595"}],"up":[{"embeddable":true,"href":"http:\/\/www.famt-l.eu\/fr\/wp-json\/wp\/v2\/pages\/35"}],"wp:attachment":[{"href":"http:\/\/www.famt-l.eu\/fr\/wp-json\/wp\/v2\/media?parent=40"}],"curies":[{"name":"wp","href":"https:\/\/api.w.org\/{rel}","templated":true}]}}