{"id":45,"date":"2014-09-05T13:57:21","date_gmt":"2014-09-05T13:57:21","guid":{"rendered":"http:\/\/www.famt-l.eu\/?page_id=45"},"modified":"2017-03-20T09:44:19","modified_gmt":"2017-03-20T09:44:19","slug":"wp-2-educationallearning-needs-analysis-of-teachers-teachers-and-students-beliefs-about-formative-assessment","status":"publish","type":"page","link":"http:\/\/www.famt-l.eu\/fr\/workplan\/wp-2-educationallearning-needs-analysis-of-teachers-teachers-and-students-beliefs-about-formative-assessment\/","title":{"rendered":"WP 2 &#8211; BESOINS EN \u00c9DUCATION \/ APPRENTISSAGE ANALYSE DES ENSEIGNANTS: ENSEIGNANTS ET \u00c9TUDIANTS CROYANCES \u00c0 PROPOS DE L&rsquo;\u00c9VALUATION FORMATIVE"},"content":{"rendered":"<p>WP Responsable: <strong>UCY<br \/>\n<\/strong>Institutions concern\u00e9es: tous les partenaires<\/p>\n<p>Le programme de travail vise \u00e0:<\/p>\n<p>&#8211; mettre l&rsquo;accent sur les croyances des enseignants et des \u00e9tudiants et leurs conceptions sur l&rsquo;\u00e9valuation formative en math\u00e9matiques<\/p>\n<p>&#8211; recueillir des informations sur les besoins \u00e9ducatifs et d&rsquo;apprentissage des enseignants de math\u00e9matiques<\/p>\n<p>&#8211; r\u00e9vision et analyse des donn\u00e9es<\/p>\n<p>Pour atteindre ces objectifs, le programme de travail comprendra les t\u00e2ches suivantes:<\/p>\n<p>T2.1: R\u00e9vision et analyse<\/p>\n<p>R\u00e9vision et analyse de donn\u00e9es et d&rsquo;informations provenant de projets ant\u00e9rieurs r\u00e9alis\u00e9s, de revues scientifiques et de livres, de conf\u00e9rences de conf\u00e9rences europ\u00e9ennes et mondiales sur les croyances et les attitudes des enseignants et des \u00e9tudiants \u00e0 l&rsquo;\u00e9valuation formative dans l&rsquo;enseignement des math\u00e9matiques et d&rsquo;autres disciplines. Nous utiliserons \u00e9galement d&rsquo;autres sources d&rsquo;informations pertinentes, p. Ex. Les informations recueillies aupr\u00e8s des partenaires du projet et la base de donn\u00e9es EACEA des projets achev\u00e9s et en cours d&rsquo;ex\u00e9cution (non seulement en mati\u00e8re d&rsquo;enseignement des math\u00e9matiques).<\/p>\n<p>T2.1 R\u00e9alisation des protocoles d&rsquo;entrevue<\/p>\n<p>Sur la base d&rsquo;une revue de la litt\u00e9rature et d&rsquo;une analyse minutieuse des documents recueillis, nous \u00e9laborerons deux protocoles d&rsquo;entrevue, l&rsquo;un s&rsquo;adressant aux enseignants de math\u00e9matiques et l&rsquo;autre aux \u00e9l\u00e8ves de 11-14 \/ 15 ans. Les th\u00e8mes et les questions incluses dans les entretiens visent \u00e0 identifier les conceptions et les croyances sur l&rsquo;\u00e9valuation formative des enseignants de math\u00e9matiques (niveau scolaire 11-14 \/ 15) et des \u00e9l\u00e8ves respectivement.<\/p>\n<p>T2.3 Collecte d&rsquo;informations et analyse des donn\u00e9es<\/p>\n<p>Des entretiens individuels semi-structur\u00e9s avec les deux groupes (enseignants et \u00e9tudiants) seront r\u00e9alis\u00e9s dans chaque pays partenaire concern\u00e9.<\/p>\n<p>Apr\u00e8s la collecte des donn\u00e9es d&rsquo;entrevue, chaque partenaire de projet analysera les donn\u00e9es en utilisant une m\u00e9thode d&rsquo;analyse qualitative commune, visant \u00e0 identifier les diff\u00e9rentes conceptions et croyances des enseignants de math\u00e9matiques et des \u00e9tudiants sur l&rsquo;\u00e9valuation formative en math\u00e9matiques.<br \/>\nT2.4 D\u00e9veloppement de deux questionnaires sur les conceptions et les croyances des math\u00e9matiques Les r\u00e9sultats de l&rsquo;analyse qualitative des entrevues ainsi que la revue de la litt\u00e9rature pr\u00e9c\u00e9demment men\u00e9e et le mat\u00e9riel recueilli seront corr\u00e9l\u00e9s afin de d\u00e9velopper deux questionnaires sur les conceptions et les croyances des enseignants de math\u00e9matiques et des \u00e9l\u00e8ves respectivement sur l&rsquo;\u00e9valuation formative dans l&rsquo;enseignement et l&rsquo;apprentissage des math\u00e9matiques. Une enqu\u00eate \u00e0 grande \u00e9chelle suivra dans le pays de chaque partenaire du projet, o\u00f9 chaque questionnaire sera administr\u00e9 \u00e0 un \u00e9chantillon d&rsquo;environ 500 enseignants et 500 \u00e9l\u00e8ves respectivement. T2.5 R\u00e9alisation du rapport d&rsquo;analyse Des donn\u00e9es et des informations qualitatives et quantitatives seront utilis\u00e9es pour la r\u00e9alisation du Rapport d&rsquo;analyse sur les principales conceptions et croyances des enseignants et des \u00e9tudiants dans chaque \u00e9chantillon de pays, permettant d&rsquo;identifier les besoins de formation sp\u00e9cifiques pour mener ult\u00e9rieurement des interventions cibl\u00e9es en cours de formation.<\/p>\n<p>&nbsp;<\/p>","protected":false},"excerpt":{"rendered":"<p>WP Responsable: UCY Institutions concern\u00e9es: tous les partenaires Le programme de travail vise \u00e0: &#8211; mettre l&rsquo;accent sur les croyances des enseignants et des \u00e9tudiants et leurs conceptions sur l&rsquo;\u00e9valuation formative en math\u00e9matiques &#8211; recueillir des informations sur les besoins \u00e9ducatifs et d&rsquo;apprentissage des enseignants de math\u00e9matiques &#8211; r\u00e9vision et&#8230;<\/p>\n","protected":false},"author":1,"featured_media":0,"parent":35,"menu_order":0,"comment_status":"closed","ping_status":"closed","template":"","meta":{"footnotes":""},"class_list":["post-45","page","type-page","status-publish","hentry"],"_links":{"self":[{"href":"http:\/\/www.famt-l.eu\/fr\/wp-json\/wp\/v2\/pages\/45"}],"collection":[{"href":"http:\/\/www.famt-l.eu\/fr\/wp-json\/wp\/v2\/pages"}],"about":[{"href":"http:\/\/www.famt-l.eu\/fr\/wp-json\/wp\/v2\/types\/page"}],"author":[{"embeddable":true,"href":"http:\/\/www.famt-l.eu\/fr\/wp-json\/wp\/v2\/users\/1"}],"replies":[{"embeddable":true,"href":"http:\/\/www.famt-l.eu\/fr\/wp-json\/wp\/v2\/comments?post=45"}],"version-history":[{"count":2,"href":"http:\/\/www.famt-l.eu\/fr\/wp-json\/wp\/v2\/pages\/45\/revisions"}],"predecessor-version":[{"id":596,"href":"http:\/\/www.famt-l.eu\/fr\/wp-json\/wp\/v2\/pages\/45\/revisions\/596"}],"up":[{"embeddable":true,"href":"http:\/\/www.famt-l.eu\/fr\/wp-json\/wp\/v2\/pages\/35"}],"wp:attachment":[{"href":"http:\/\/www.famt-l.eu\/fr\/wp-json\/wp\/v2\/media?parent=45"}],"curies":[{"name":"wp","href":"https:\/\/api.w.org\/{rel}","templated":true}]}}