{"id":51,"date":"2014-09-05T14:24:20","date_gmt":"2014-09-05T14:24:20","guid":{"rendered":"http:\/\/www.famt-l.eu\/?page_id=51"},"modified":"2017-03-20T10:22:31","modified_gmt":"2017-03-20T10:22:31","slug":"wp-5-development-of-the-web-repository","status":"publish","type":"page","link":"http:\/\/www.famt-l.eu\/fr\/workplan\/wp-5-development-of-the-web-repository\/","title":{"rendered":"WP 5 &#8211; D\u00c9VELOPPEMENT DU R\u00c9SEAU WEB"},"content":{"rendered":"<p>WP Leader: <strong>UNIBO<\/strong><br \/>\nInstitutions concern\u00e9es: Tous les partenaires<\/p>\n<p>Le programme de travail vise \u00e0:<\/p>\n<p>&#8211; concevoir et mettre en place un environnement en ligne (r\u00e9f\u00e9rentiel Web), contenant du mat\u00e9riel didactique, des strat\u00e9gies \u00e9ducatives et des outils d&rsquo;\u00e9valuation formative;<\/p>\n<p>&#8211; collecter des documents num\u00e9riques provenant: de l&rsquo;analyse des besoins de formation, des cours de formation pr\u00e9vus, de la collecte des outils p\u00e9dagogiques et des m\u00e9thodes d&rsquo;\u00e9valuation.<\/p>\n<p>&#8211; promouvoir l&rsquo;adoption de m\u00e9thodes et de techniques d&rsquo;enseignement et d&rsquo;\u00e9valuation dans l&rsquo;enseignement des math\u00e9matiques qui ont \u00e9t\u00e9 utilis\u00e9es dans les parcours d&rsquo;apprentissage.<\/p>\n<p>Pour atteindre ces objectifs, le programme de travail comprendra les t\u00e2ches suivantes:<\/p>\n<p>T5.1 Collecte de documents num\u00e9riques<\/p>\n<p>Collecte de mat\u00e9riel didactique, de strat\u00e9gies \u00e9ducatives et d&rsquo;outils d&rsquo;\u00e9valuation formative, par type et par utilisation, \u00e0 t\u00e9l\u00e9charger dans le r\u00e9f\u00e9rentiel Web.<\/p>\n<p>T5.2 D\u00e9finition d&rsquo;un syst\u00e8me de m\u00e9tadonn\u00e9es<\/p>\n<p>D\u00e9finition d&rsquo;un syst\u00e8me de m\u00e9tadonn\u00e9es pour faciliter le catalogage, l&rsquo;archivage et la recherche de divers documents num\u00e9riques collect\u00e9s, rendus accessibles et utilisables par le d\u00e9p\u00f4t.<\/p>\n<p>T5.3 Conception du r\u00e9f\u00e9rentiel Web<\/p>\n<p>Le d\u00e9p\u00f4t web sera con\u00e7u et mis en \u0153uvre par le personnel technique et scientifique, en fonction des besoins du projet, des caract\u00e9ristiques des mat\u00e9riaux, de leur utilisation possible et de leur durabilit\u00e9.<\/p>\n<p>Ce d\u00e9p\u00f4t sera enti\u00e8rement accessible, permettant au public de b\u00e9n\u00e9ficier des r\u00e9sultats, des m\u00e9thodes et des outils r\u00e9alis\u00e9s et collect\u00e9s au cours du projet. Le r\u00e9f\u00e9rentiel Web sera con\u00e7u comme un site Web convivial, tr\u00e8s facilement accessible m\u00eame pour les nouveaux utilisateurs et les nouveaux enseignants provenant d&rsquo;autres \u00e9coles et r\u00e9gions.<\/p>\n<p>T5.4 Mise en place du r\u00e9f\u00e9rentiel Web<\/p>\n<p>Mise en place du r\u00e9f\u00e9rentiel Web qui sera inclus dans le site Web du projet et utilis\u00e9 pour les activit\u00e9s de diffusion destin\u00e9es aux parties prenantes et aux d\u00e9cideurs. Le site Web du projet et le d\u00e9p\u00f4t continueront \u00e0 \u00eatre disponibles pour les partenaires du projet et tous les autres utilisateurs. Les outils seront \u00e9galement pr\u00e9sent\u00e9s lors de chaque manifestation locale et internationale qui a particip\u00e9 \u00e0 la promotion et \u00e0 la diffusion des r\u00e9alisations du projet.<\/p>\n<p>T5.5 Chargement des mat\u00e9riaux<\/p>\n<p>Les activit\u00e9s de chargement concernant le contenu et les mat\u00e9riaux seront d\u00e9velopp\u00e9es par chaque partenaire tout au long du projet une fois les outils cr\u00e9\u00e9s. \u00c0 partir du 15\u00e8me mois, les vid\u00e9os et outils d&rsquo;\u00e9valuation formative peuvent \u00eatre charg\u00e9s dans le r\u00e9f\u00e9rentiel en ligne en tant que ressource m\u00e9thodologique pour les cours de formation des enseignants.<\/p>","protected":false},"excerpt":{"rendered":"<p>WP Leader: UNIBO Institutions concern\u00e9es: Tous les partenaires Le programme de travail vise \u00e0: &#8211; concevoir et mettre en place un environnement en ligne (r\u00e9f\u00e9rentiel Web), contenant du mat\u00e9riel didactique, des strat\u00e9gies \u00e9ducatives et des outils d&rsquo;\u00e9valuation formative; &#8211; collecter des documents num\u00e9riques provenant: de l&rsquo;analyse des besoins de formation,&#8230;<\/p>\n","protected":false},"author":1,"featured_media":0,"parent":35,"menu_order":0,"comment_status":"closed","ping_status":"closed","template":"","meta":{"footnotes":""},"class_list":["post-51","page","type-page","status-publish","hentry"],"_links":{"self":[{"href":"http:\/\/www.famt-l.eu\/fr\/wp-json\/wp\/v2\/pages\/51"}],"collection":[{"href":"http:\/\/www.famt-l.eu\/fr\/wp-json\/wp\/v2\/pages"}],"about":[{"href":"http:\/\/www.famt-l.eu\/fr\/wp-json\/wp\/v2\/types\/page"}],"author":[{"embeddable":true,"href":"http:\/\/www.famt-l.eu\/fr\/wp-json\/wp\/v2\/users\/1"}],"replies":[{"embeddable":true,"href":"http:\/\/www.famt-l.eu\/fr\/wp-json\/wp\/v2\/comments?post=51"}],"version-history":[{"count":2,"href":"http:\/\/www.famt-l.eu\/fr\/wp-json\/wp\/v2\/pages\/51\/revisions"}],"predecessor-version":[{"id":599,"href":"http:\/\/www.famt-l.eu\/fr\/wp-json\/wp\/v2\/pages\/51\/revisions\/599"}],"up":[{"embeddable":true,"href":"http:\/\/www.famt-l.eu\/fr\/wp-json\/wp\/v2\/pages\/35"}],"wp:attachment":[{"href":"http:\/\/www.famt-l.eu\/fr\/wp-json\/wp\/v2\/media?parent=51"}],"curies":[{"name":"wp","href":"https:\/\/api.w.org\/{rel}","templated":true}]}}