{"id":2,"date":"2014-04-09T13:48:38","date_gmt":"2014-04-09T13:48:38","guid":{"rendered":"http:\/\/www.famt-l.eu\/?page_id=2"},"modified":"2017-03-20T09:34:55","modified_gmt":"2017-03-20T09:34:55","slug":"about-project","status":"publish","type":"page","link":"http:\/\/www.famt-l.eu\/it\/about-project\/","title":{"rendered":"Progetto"},"content":{"rendered":"<p>I processi di apprendimento ed insegnamento della matematica e delle scienze sono una componente fondamentale delle attivit\u00e0 scolastiche, preliminare alla maggior parte delle competenze che sono significative per la vita e necessari per l&#8217;educazione alla cittadinanza.<br \/>\nTuttavia, nonostante l&#8217;impegno dei ricercatori e docenti, la crisi nell&#8217;apprendimento della matematica sta diventando molto diffusa e grave.<\/p>\n<p>L&#8217;obiettivo principale di questo progetto consiste nella realizzazione di un modello di formazione (attraverso e-learning) per gli insegnanti di matematica di scuola media (che pu\u00f2 essere applicato in servizio e nella formazione pre-servizio). Questo modello di formazione (o metodologia) dovrebbe migliorare le competenze degli insegnanti:<br \/>\n&#8211; In materia di pianificazione educativa e valutazione (valutazione sia formativa che sommativa; valutazione per l&#8217;apprendimento);<br \/>\n&#8211; Sulla didattica della matematica.<br \/>\nQuesto insieme di competenze consentirebbe agli insegnanti di applicare e pianificare metodologie e strumenti specifici per i processi di apprendimento basati sulla soluzione dei problemi.<br \/>\nIl modello di formazione mira anche a far s\u00ec che i docenti acquisiscano un atteggiamento scientifico che consiste in:<br \/>\n&#8211; Analizzare situazioni educative complesse;<br \/>\n&#8211; Identificare le esigenze di apprendimento degli studenti, concernenti la disciplina matematica e le competenze trasversali (meta-competenze, strategie di apprendimento, metodi di studio);<br \/>\n&#8211; Fare ipotesi e pianificare strategie e tecniche didattiche, al fine di rilevare le difficolt\u00e0 e di offrire interventi corretti per un apprendimento efficace della matematica;<br \/>\n&#8211; Utilizzo della valutazione con uno scopo formativo, al fine di dare agli insegnanti la possibilit\u00e0 di verificare, riorganizzare e migliorare i loro metodi e consentendo agli studenti di auto valutarsi e diventare consapevoli dei propri processi di apprendimento.<\/p>\n<p>Questo modello di formazione tender\u00e0 a rendere gli insegnanti protagonisti del percorso di progettazione educativa e pi\u00f9 consapevoli delle strategie che sembrano essere pi\u00f9 efficaci in risposta alle esigenze di apprendimento degli studenti. Il modello promuove anche la costruzione di una professionalit\u00e0 riflessiva dove l\u2019insegnate diventa in grado di utilizzare il pensiero riflessivo per affrontare una situazione educativa complicata e problematica.<\/p>","protected":false},"excerpt":{"rendered":"<p>I processi di apprendimento ed insegnamento della matematica e delle scienze sono una componente fondamentale delle attivit\u00e0 scolastiche, preliminare alla maggior parte delle competenze che sono significative per la vita e necessari per l&#8217;educazione alla cittadinanza. Tuttavia, nonostante l&#8217;impegno dei ricercatori e docenti, la crisi nell&#8217;apprendimento della matematica sta diventando&#8230;<\/p>\n","protected":false},"author":1,"featured_media":0,"parent":0,"menu_order":0,"comment_status":"closed","ping_status":"closed","template":"","meta":{"footnotes":""},"class_list":["post-2","page","type-page","status-publish","hentry"],"_links":{"self":[{"href":"http:\/\/www.famt-l.eu\/it\/wp-json\/wp\/v2\/pages\/2"}],"collection":[{"href":"http:\/\/www.famt-l.eu\/it\/wp-json\/wp\/v2\/pages"}],"about":[{"href":"http:\/\/www.famt-l.eu\/it\/wp-json\/wp\/v2\/types\/page"}],"author":[{"embeddable":true,"href":"http:\/\/www.famt-l.eu\/it\/wp-json\/wp\/v2\/users\/1"}],"replies":[{"embeddable":true,"href":"http:\/\/www.famt-l.eu\/it\/wp-json\/wp\/v2\/comments?post=2"}],"version-history":[{"count":12,"href":"http:\/\/www.famt-l.eu\/it\/wp-json\/wp\/v2\/pages\/2\/revisions"}],"predecessor-version":[{"id":594,"href":"http:\/\/www.famt-l.eu\/it\/wp-json\/wp\/v2\/pages\/2\/revisions\/594"}],"wp:attachment":[{"href":"http:\/\/www.famt-l.eu\/it\/wp-json\/wp\/v2\/media?parent=2"}],"curies":[{"name":"wp","href":"https:\/\/api.w.org\/{rel}","templated":true}]}}